{"id":1518,"date":"2022-08-29T12:52:05","date_gmt":"2022-08-29T10:52:05","guid":{"rendered":"https:\/\/professional-physiotherapie.de\/?page_id=1518"},"modified":"2023-04-01T12:36:50","modified_gmt":"2023-04-01T10:36:50","slug":"our-motto","status":"publish","type":"page","link":"https:\/\/www.physio-hohmann.de\/en\/our-motto\/","title":{"rendered":"OUR MOTTO"},"content":{"rendered":"<div id='full_slider_1'  class='avia-fullwidth-slider main_color avia-shadow   avia-builder-el-0  el_before_av_section  avia-builder-el-first   container_wrap sidebar_right'  ><div  class='avia-slideshow av-l9h5xt9g-d6b30a6960bbec3e043589dc83b0d585 avia-slideshow-no scaling av_slideshow_full avia-fade-slider av-slideshow-ui av-control-hidden av-no-slider-navigation av-hide-nav-arrows av-slideshow-autoplay av-loop-endless av-loop-manual-endless av-default-height-applied   avia-slideshow-1' data-slideshow-options=\"{&quot;animation&quot;:&quot;fade&quot;,&quot;autoplay&quot;:true,&quot;loop_autoplay&quot;:&quot;endless&quot;,&quot;interval&quot;:6,&quot;loop_manual&quot;:&quot;manual-endless&quot;,&quot;autoplay_stopper&quot;:false,&quot;noNavigation&quot;:true,&quot;bg_slider&quot;:false,&quot;keep_padding&quot;:false,&quot;hoverpause&quot;:false,&quot;show_slide_delay&quot;:0}\"  itemprop=\"image\" itemscope=\"itemscope\" itemtype=\"https:\/\/schema.org\/ImageObject\" ><ul class='avia-slideshow-inner ' style='padding-bottom: 27.604166666667%;'><li  class='avia-slideshow-slide av-l9h5xt9g-d6b30a6960bbec3e043589dc83b0d585__0  av-single-slide slide-1 slide-odd'><div data-rel='slideshow-1' class='avia-slide-wrap '   ><img decoding=\"async\" class=\"wp-image-1525 avia-img-lazy-loading-not-1525\"  src=\"https:\/\/www.physio-hohmann.de\/en\/wp-content\/uploads\/2022\/08\/Physio-Hohmann_Praxisphilosophie2.jpg\" width=\"1920\" height=\"530\" title='Physio-Hohmann_Praxisphilosophie2' alt=''  itemprop=\"thumbnailUrl\" srcset=\"https:\/\/www.physio-hohmann.de\/en\/wp-content\/uploads\/2022\/08\/Physio-Hohmann_Praxisphilosophie2.jpg 1920w, https:\/\/www.physio-hohmann.de\/en\/wp-content\/uploads\/2022\/08\/Physio-Hohmann_Praxisphilosophie2-300x83.jpg 300w, https:\/\/www.physio-hohmann.de\/en\/wp-content\/uploads\/2022\/08\/Physio-Hohmann_Praxisphilosophie2-1030x284.jpg 1030w, https:\/\/www.physio-hohmann.de\/en\/wp-content\/uploads\/2022\/08\/Physio-Hohmann_Praxisphilosophie2-768x212.jpg 768w, https:\/\/www.physio-hohmann.de\/en\/wp-content\/uploads\/2022\/08\/Physio-Hohmann_Praxisphilosophie2-1536x424.jpg 1536w, https:\/\/www.physio-hohmann.de\/en\/wp-content\/uploads\/2022\/08\/Physio-Hohmann_Praxisphilosophie2-1500x414.jpg 1500w, https:\/\/www.physio-hohmann.de\/en\/wp-content\/uploads\/2022\/08\/Physio-Hohmann_Praxisphilosophie2-705x195.jpg 705w\" sizes=\"(max-width: 1920px) 100vw, 1920px\" \/><\/div><\/li><\/ul><\/div><\/div>\n<div id='av_section_1'  class='avia-section av-4ddji6-c193096eca5002734030b7455ad3d0f4 main_color avia-section-default avia-no-border-styling  avia-builder-el-1  el_after_av_slideshow_full  avia-builder-el-last  avia-bg-style-scroll container_wrap sidebar_right'  ><div class='container av-section-cont-open' ><div class='template-page content  av-content-small alpha units'><div class='post-entry post-entry-type-page post-entry-1518'><div class='entry-content-wrapper clearfix'>\n<div  class='flex_column av-37ymny-7dc8e3eed79a84783b472c31fe8b4dd6 av_one_full  avia-builder-el-2  el_before_av_one_third  avia-builder-el-first  first flex_column_div  '     ><p>\n<style type=\"text\/css\" data-created_by=\"avia_inline_auto\" id=\"style-css-av-l8jyy8j4-191014180a5f7330d758943acd2648be\">\n#top .av-special-heading.av-l8jyy8j4-191014180a5f7330d758943acd2648be{\npadding-bottom:25px;\ncolor:#c6a771;\nfont-size:40px;\n}\nbody .av-special-heading.av-l8jyy8j4-191014180a5f7330d758943acd2648be .av-special-heading-tag .heading-char{\nfont-size:25px;\n}\n#top #wrap_all .av-special-heading.av-l8jyy8j4-191014180a5f7330d758943acd2648be .av-special-heading-tag{\nfont-size:40px;\n}\n.av-special-heading.av-l8jyy8j4-191014180a5f7330d758943acd2648be .special-heading-inner-border{\nborder-color:#c6a771;\n}\n.av-special-heading.av-l8jyy8j4-191014180a5f7330d758943acd2648be .av-subheading{\nfont-size:30px;\ncolor:#424242;\n}\n\n@media only screen and (max-width: 479px){ \n#top #wrap_all .av-special-heading.av-l8jyy8j4-191014180a5f7330d758943acd2648be .av-special-heading-tag{\nfont-size:25px;\n}\n.av-special-heading.av-l8jyy8j4-191014180a5f7330d758943acd2648be .av-subheading{\nfont-size:20px;\n}\n}\n\n@media only screen and (min-width: 480px) and (max-width: 767px){ \n#top #wrap_all .av-special-heading.av-l8jyy8j4-191014180a5f7330d758943acd2648be .av-special-heading-tag{\nfont-size:0.8em;\n}\n}\n<\/style>\n<div  class='av-special-heading av-l8jyy8j4-191014180a5f7330d758943acd2648be av-special-heading-h2 custom-color-heading blockquote modern-quote  avia-builder-el-3  el_before_av_textblock  avia-builder-el-first  av-inherit-size'><div class='av_custom_color av-subheading av-subheading_above'><p>We.promote.health.<\/p>\n<\/div><h2 class='av-special-heading-tag'  itemprop=\"headline\"  >Our philosophy. For your health.<\/h2><div class=\"special-heading-border\"><div class=\"special-heading-inner-border\"><\/div><\/div><\/div><br \/>\n<section  class='av_textblock_section av-l8jyykui-afab303f541cdc15f5b588a50d214892 '   itemscope=\"itemscope\" itemtype=\"https:\/\/schema.org\/CreativeWork\" ><div class='avia_textblock'  itemprop=\"text\" ><p>We are a qualified team of therapists, dedicated to our work. Our main aim is providing people with individual advice on how to improve their health and quality of life using therapeutic methods, systematic training and preventive work programs.<\/p>\n<\/div><\/section><\/p><\/div><div  class='flex_column av-6a0tjy-5b8adbe42293d735fae0832d2b72d84c av_one_third  avia-builder-el-5  el_after_av_one_full  el_before_av_one_third  first flex_column_div  column-top-margin'     ><section  class='av_textblock_section av-l7eo00nv-77cc1449090332bc6b2d313e793e44d8 '   itemscope=\"itemscope\" itemtype=\"https:\/\/schema.org\/CreativeWork\" ><div class='avia_textblock'  itemprop=\"text\" ><h3>Therapy<\/h3>\n<p>Our therapists are well-informed about the latest advances in our profession through regular, on-going and targeted training in and out of house.<\/p>\n<p>In order to make a precise diagnosis and create a treatment program tailored to the patient\u00b4s individual needs, we make a detailed inquiry of the patient\u00b4s medical history, followed by a comprehensive physical examination.<\/p>\n<p>We also try to keep close contact with the patient\u00b4s attending physician.<\/p>\n<p>In much the same way that we devote time for every patient, we advise them to take time for every consultation and visit. A stress-free environment is conducive to achieving optimal results.<\/p>\n<\/div><\/section><\/div><div  class='flex_column av-4kye1a-dc08034d0417962416e3d2944135d46f av_one_third  avia-builder-el-7  el_after_av_one_third  el_before_av_one_third  flex_column_div  column-top-margin'     ><section  class='av_textblock_section av-l7eo1lbl-6c857f8892f3a30c06ccf60e881ae4f2 '   itemscope=\"itemscope\" itemtype=\"https:\/\/schema.org\/CreativeWork\" ><div class='avia_textblock'  itemprop=\"text\" ><h3>Prevention<\/h3>\n<p>Maintaining good health is better than curing an ailment.<\/p>\n<p>Our certified preventive courses help to remedy and prevent ailments.<\/p>\n<p>We also offer individual treatment sessions to enhance one\u00b4s physical well-being.<\/p>\n<\/div><\/section><\/div><div  class='flex_column av-2pjoxa-19e35a251df6c5741304ad7429434351 av_one_third  avia-builder-el-9  el_after_av_one_third  avia-builder-el-last  flex_column_div  column-top-margin'     ><section  class='av_textblock_section av-l7eo2xg0-7f4c6ca09b4bdbffcf2175358ccd3c41 '   itemscope=\"itemscope\" itemtype=\"https:\/\/schema.org\/CreativeWork\" ><div class='avia_textblock'  itemprop=\"text\" ><h3>Training<\/h3>\n<p>Our training concepts are aimed at improving the patient\u00b4s flexibility, strength and coordination as well as reducing pain and tension.<\/p>\n<p>In the course of treatment, the patient\u00b4s sensory and body awareness are enhanced.<\/p>\n<p>The patient also learns to understand the cause for his\/her physical complaints and how to come to terms with them.<\/p>\n<p>Our training rooms have all the equipment necessary to ensure effective results.<\/p>\n<p>Qualified personnel are at the patient\u00b4s disposal during training sessions to give guidance and advice.<\/p>\n<\/div><\/section><\/div><\/div><\/div><\/div><!-- close content main div --><\/div><\/div><div id='after_section_1'  class='main_color av_default_container_wrap container_wrap sidebar_right'  ><div class='container av-section-cont-open' ><div class='template-page content  av-content-small alpha units'><div class='post-entry post-entry-type-page post-entry-1518'><div class='entry-content-wrapper clearfix'>\n","protected":false},"excerpt":{"rendered":"","protected":false},"author":1,"featured_media":0,"parent":0,"menu_order":0,"comment_status":"closed","ping_status":"closed","template":"","meta":{"inline_featured_image":false,"footnotes":""},"class_list":["post-1518","page","type-page","status-publish","hentry"],"yoast_head":"<!-- This site is optimized with the Yoast SEO plugin v22.9 - https:\/\/yoast.com\/wordpress\/plugins\/seo\/ -->\n<title>Praxisphilosophie Marc Hohmann, Physiopraxis in der N\u00e4he<\/title>\n<meta name=\"description\" content=\"Wir Machen Gesundheit. Unsere Physiotherapie Praxis Philosophie: Therapie, Pr\u00e4vention, Training. Lebensqualit\u00e4t erhalten oder verbessern!\" \/>\n<meta name=\"robots\" content=\"index, follow, max-snippet:-1, max-image-preview:large, max-video-preview:-1\" \/>\n<link rel=\"canonical\" href=\"https:\/\/www.physio-hohmann.de\/en\/our-motto\/\" \/>\n<meta property=\"og:locale\" content=\"de_DE\" \/>\n<meta property=\"og:type\" content=\"article\" \/>\n<meta property=\"og:title\" content=\"Praxisphilosophie Marc Hohmann, Physiopraxis in der N\u00e4he\" \/>\n<meta property=\"og:description\" content=\"Wir Machen Gesundheit. Unsere Physiotherapie Praxis Philosophie: Therapie, Pr\u00e4vention, Training. Lebensqualit\u00e4t erhalten oder verbessern!\" \/>\n<meta property=\"og:url\" content=\"https:\/\/www.physio-hohmann.de\/en\/our-motto\/\" \/>\n<meta property=\"og:site_name\" content=\"Physiotherapie in Achern, B\u00fchl, Baden-Baden, Gernsbach\" \/>\n<meta property=\"article:modified_time\" content=\"2023-04-01T10:36:50+00:00\" \/>\n<meta name=\"twitter:card\" content=\"summary_large_image\" \/>\n<meta name=\"twitter:label1\" content=\"Gesch\u00e4tzte Lesezeit\" \/>\n\t<meta name=\"twitter:data1\" content=\"5\u00a0Minuten\" \/>\n<script type=\"application\/ld+json\" class=\"yoast-schema-graph\">{\"@context\":\"https:\/\/schema.org\",\"@graph\":[{\"@type\":\"WebPage\",\"@id\":\"https:\/\/www.physio-hohmann.de\/en\/our-motto\/\",\"url\":\"https:\/\/www.physio-hohmann.de\/en\/our-motto\/\",\"name\":\"Praxisphilosophie Marc Hohmann, Physiopraxis in der N\u00e4he\",\"isPartOf\":{\"@id\":\"https:\/\/www.physio-hohmann.de\/en\/#website\"},\"datePublished\":\"2022-08-29T10:52:05+00:00\",\"dateModified\":\"2023-04-01T10:36:50+00:00\",\"description\":\"Wir Machen Gesundheit. Unsere Physiotherapie Praxis Philosophie: Therapie, Pr\u00e4vention, Training. Lebensqualit\u00e4t erhalten oder verbessern!\",\"breadcrumb\":{\"@id\":\"https:\/\/www.physio-hohmann.de\/en\/our-motto\/#breadcrumb\"},\"inLanguage\":\"de\",\"potentialAction\":[{\"@type\":\"ReadAction\",\"target\":[\"https:\/\/www.physio-hohmann.de\/en\/our-motto\/\"]}]},{\"@type\":\"BreadcrumbList\",\"@id\":\"https:\/\/www.physio-hohmann.de\/en\/our-motto\/#breadcrumb\",\"itemListElement\":[{\"@type\":\"ListItem\",\"position\":1,\"name\":\"Startseite\",\"item\":\"https:\/\/www.physio-hohmann.de\/en\/\"},{\"@type\":\"ListItem\",\"position\":2,\"name\":\"OUR MOTTO\"}]},{\"@type\":\"WebSite\",\"@id\":\"https:\/\/www.physio-hohmann.de\/en\/#website\",\"url\":\"https:\/\/www.physio-hohmann.de\/en\/\",\"name\":\"Physiotherapie in Achern, B\u00fchl, Baden-Baden, Gernsbach\",\"description\":\"Marc Hohmann Physiotherapie in Achern, B\u00fchl, Baden-Baden, Gernsbach\",\"potentialAction\":[{\"@type\":\"SearchAction\",\"target\":{\"@type\":\"EntryPoint\",\"urlTemplate\":\"https:\/\/www.physio-hohmann.de\/en\/?s={search_term_string}\"},\"query-input\":\"required name=search_term_string\"}],\"inLanguage\":\"de\"}]}<\/script>\n<!-- \/ Yoast SEO plugin. -->","yoast_head_json":{"title":"Praxisphilosophie Marc Hohmann, Physiopraxis in der N\u00e4he","description":"Wir Machen Gesundheit. Unsere Physiotherapie Praxis Philosophie: Therapie, Pr\u00e4vention, Training. Lebensqualit\u00e4t erhalten oder verbessern!","robots":{"index":"index","follow":"follow","max-snippet":"max-snippet:-1","max-image-preview":"max-image-preview:large","max-video-preview":"max-video-preview:-1"},"canonical":"https:\/\/www.physio-hohmann.de\/en\/our-motto\/","og_locale":"de_DE","og_type":"article","og_title":"Praxisphilosophie Marc Hohmann, Physiopraxis in der N\u00e4he","og_description":"Wir Machen Gesundheit. Unsere Physiotherapie Praxis Philosophie: Therapie, Pr\u00e4vention, Training. Lebensqualit\u00e4t erhalten oder verbessern!","og_url":"https:\/\/www.physio-hohmann.de\/en\/our-motto\/","og_site_name":"Physiotherapie in Achern, B\u00fchl, Baden-Baden, Gernsbach","article_modified_time":"2023-04-01T10:36:50+00:00","twitter_card":"summary_large_image","twitter_misc":{"Gesch\u00e4tzte Lesezeit":"5\u00a0Minuten"},"schema":{"@context":"https:\/\/schema.org","@graph":[{"@type":"WebPage","@id":"https:\/\/www.physio-hohmann.de\/en\/our-motto\/","url":"https:\/\/www.physio-hohmann.de\/en\/our-motto\/","name":"Praxisphilosophie Marc Hohmann, Physiopraxis in der N\u00e4he","isPartOf":{"@id":"https:\/\/www.physio-hohmann.de\/en\/#website"},"datePublished":"2022-08-29T10:52:05+00:00","dateModified":"2023-04-01T10:36:50+00:00","description":"Wir Machen Gesundheit. Unsere Physiotherapie Praxis Philosophie: Therapie, Pr\u00e4vention, Training. Lebensqualit\u00e4t erhalten oder verbessern!","breadcrumb":{"@id":"https:\/\/www.physio-hohmann.de\/en\/our-motto\/#breadcrumb"},"inLanguage":"de","potentialAction":[{"@type":"ReadAction","target":["https:\/\/www.physio-hohmann.de\/en\/our-motto\/"]}]},{"@type":"BreadcrumbList","@id":"https:\/\/www.physio-hohmann.de\/en\/our-motto\/#breadcrumb","itemListElement":[{"@type":"ListItem","position":1,"name":"Startseite","item":"https:\/\/www.physio-hohmann.de\/en\/"},{"@type":"ListItem","position":2,"name":"OUR MOTTO"}]},{"@type":"WebSite","@id":"https:\/\/www.physio-hohmann.de\/en\/#website","url":"https:\/\/www.physio-hohmann.de\/en\/","name":"Physiotherapie in Achern, B\u00fchl, Baden-Baden, Gernsbach","description":"Marc Hohmann Physiotherapie in Achern, B\u00fchl, Baden-Baden, Gernsbach","potentialAction":[{"@type":"SearchAction","target":{"@type":"EntryPoint","urlTemplate":"https:\/\/www.physio-hohmann.de\/en\/?s={search_term_string}"},"query-input":"required name=search_term_string"}],"inLanguage":"de"}]}},"_links":{"self":[{"href":"https:\/\/www.physio-hohmann.de\/en\/wp-json\/wp\/v2\/pages\/1518","targetHints":{"allow":["GET"]}}],"collection":[{"href":"https:\/\/www.physio-hohmann.de\/en\/wp-json\/wp\/v2\/pages"}],"about":[{"href":"https:\/\/www.physio-hohmann.de\/en\/wp-json\/wp\/v2\/types\/page"}],"author":[{"embeddable":true,"href":"https:\/\/www.physio-hohmann.de\/en\/wp-json\/wp\/v2\/users\/1"}],"replies":[{"embeddable":true,"href":"https:\/\/www.physio-hohmann.de\/en\/wp-json\/wp\/v2\/comments?post=1518"}],"version-history":[{"count":10,"href":"https:\/\/www.physio-hohmann.de\/en\/wp-json\/wp\/v2\/pages\/1518\/revisions"}],"predecessor-version":[{"id":3075,"href":"https:\/\/www.physio-hohmann.de\/en\/wp-json\/wp\/v2\/pages\/1518\/revisions\/3075"}],"wp:attachment":[{"href":"https:\/\/www.physio-hohmann.de\/en\/wp-json\/wp\/v2\/media?parent=1518"}],"curies":[{"name":"wp","href":"https:\/\/api.w.org\/{rel}","templated":true}]}}