{"id":2123,"date":"2022-09-27T12:23:59","date_gmt":"2022-09-27T10:23:59","guid":{"rendered":"https:\/\/professional-physiotherapie.de\/?page_id=2123"},"modified":"2023-04-01T09:37:24","modified_gmt":"2023-04-01T07:37:24","slug":"schmerzphysiotherapie","status":"publish","type":"page","link":"https:\/\/www.physio-hohmann.de\/en\/leistungen\/schmerzphysiotherapie\/","title":{"rendered":"pain management physiotherapy"},"content":{"rendered":"<div id='full_slider_1'  class='avia-fullwidth-slider main_color avia-shadow   avia-builder-el-0  el_before_av_section  avia-builder-el-first   container_wrap sidebar_right'  ><div  class='avia-slideshow av-l8k1w562-cda8267bd608e7730d96ec1f5fc609fc avia-slideshow-no scaling av_slideshow_full avia-fade-slider av-slideshow-ui av-control-hidden av-no-slider-navigation av-hide-nav-arrows av-slideshow-autoplay av-loop-endless av-loop-manual-endless av-default-height-applied   avia-slideshow-1' data-slideshow-options=\"{&quot;animation&quot;:&quot;fade&quot;,&quot;autoplay&quot;:true,&quot;loop_autoplay&quot;:&quot;endless&quot;,&quot;interval&quot;:6,&quot;loop_manual&quot;:&quot;manual-endless&quot;,&quot;autoplay_stopper&quot;:false,&quot;noNavigation&quot;:true,&quot;bg_slider&quot;:false,&quot;keep_padding&quot;:false,&quot;hoverpause&quot;:false,&quot;show_slide_delay&quot;:0}\"  itemprop=\"image\" itemscope=\"itemscope\" itemtype=\"https:\/\/schema.org\/ImageObject\" ><ul class='avia-slideshow-inner ' style='padding-bottom: 27.604166666667%;'><li  class='avia-slideshow-slide av-l8k1w562-cda8267bd608e7730d96ec1f5fc609fc__0  av-single-slide slide-1 slide-odd'><div data-rel='slideshow-1' class='avia-slide-wrap '   ><img decoding=\"async\" class=\"wp-image-1838 avia-img-lazy-loading-not-1838\"  src=\"https:\/\/www.physio-hohmann.de\/en\/wp-content\/uploads\/2022\/08\/Physio_Hohmann_BadenBaden_Logo_Header_530-1.jpg\" width=\"1920\" height=\"530\" title='Physio_Hohmann_BadenBaden_Logo_Header_530' alt=''  itemprop=\"thumbnailUrl\" srcset=\"https:\/\/www.physio-hohmann.de\/en\/wp-content\/uploads\/2022\/08\/Physio_Hohmann_BadenBaden_Logo_Header_530-1.jpg 1920w, https:\/\/www.physio-hohmann.de\/en\/wp-content\/uploads\/2022\/08\/Physio_Hohmann_BadenBaden_Logo_Header_530-1-300x83.jpg 300w, https:\/\/www.physio-hohmann.de\/en\/wp-content\/uploads\/2022\/08\/Physio_Hohmann_BadenBaden_Logo_Header_530-1-1030x284.jpg 1030w, https:\/\/www.physio-hohmann.de\/en\/wp-content\/uploads\/2022\/08\/Physio_Hohmann_BadenBaden_Logo_Header_530-1-768x212.jpg 768w, https:\/\/www.physio-hohmann.de\/en\/wp-content\/uploads\/2022\/08\/Physio_Hohmann_BadenBaden_Logo_Header_530-1-1536x424.jpg 1536w, https:\/\/www.physio-hohmann.de\/en\/wp-content\/uploads\/2022\/08\/Physio_Hohmann_BadenBaden_Logo_Header_530-1-1500x414.jpg 1500w, https:\/\/www.physio-hohmann.de\/en\/wp-content\/uploads\/2022\/08\/Physio_Hohmann_BadenBaden_Logo_Header_530-1-705x195.jpg 705w\" sizes=\"(max-width: 1920px) 100vw, 1920px\" \/><\/div><\/li><\/ul><\/div><\/div>\n<div id='av_section_1'  class='avia-section av-6l39wt-7171300955a7605036bed067d6420a83 main_color avia-section-default avia-no-border-styling  avia-builder-el-1  el_after_av_slideshow_full  avia-builder-el-last  avia-bg-style-scroll container_wrap sidebar_right'  ><div class='container av-section-cont-open' ><div class='template-page content  av-content-small alpha units'><div class='post-entry post-entry-type-page post-entry-2123'><div class='entry-content-wrapper clearfix'>\n<div  class='flex_column av-3mqmd7-6e2ca4c7c79370bc3497c155bc990cdd av_one_full  avia-builder-el-2  el_before_av_one_half  avia-builder-el-first  first flex_column_div  '     ><p>\n<style type=\"text\/css\" data-created_by=\"avia_inline_auto\" id=\"style-css-av-1yl74b-60a93e1c5940ab6e7cda379fc32ffcbd\">\n#top .hr.av-1yl74b-60a93e1c5940ab6e7cda379fc32ffcbd{\nmargin-top:10px;\nmargin-bottom:10px;\n}\n.hr.av-1yl74b-60a93e1c5940ab6e7cda379fc32ffcbd .hr-inner{\nwidth:70%;\nborder-color:#c3a364;\n}\n<\/style>\n<div  class='hr av-1yl74b-60a93e1c5940ab6e7cda379fc32ffcbd hr-custom  avia-builder-el-3  el_before_av_heading  avia-builder-el-first  hr-center hr-icon-no'><span class='hr-inner inner-border-av-border-fat'><span class=\"hr-inner-style\"><\/span><\/span><\/div><br \/>\n\n<style type=\"text\/css\" data-created_by=\"avia_inline_auto\" id=\"style-css-av-l9muy4an-a6a61ce81a14b541cda7ada15cf51483\">\n#top .av-special-heading.av-l9muy4an-a6a61ce81a14b541cda7ada15cf51483{\npadding-bottom:0;\ncolor:#c6a771;\nfont-size:40px;\n}\nbody .av-special-heading.av-l9muy4an-a6a61ce81a14b541cda7ada15cf51483 .av-special-heading-tag .heading-char{\nfont-size:25px;\n}\n#top #wrap_all .av-special-heading.av-l9muy4an-a6a61ce81a14b541cda7ada15cf51483 .av-special-heading-tag{\nfont-size:40px;\n}\n.av-special-heading.av-l9muy4an-a6a61ce81a14b541cda7ada15cf51483 .special-heading-inner-border{\nborder-color:#c6a771;\n}\n.av-special-heading.av-l9muy4an-a6a61ce81a14b541cda7ada15cf51483 .av-subheading{\nfont-size:30px;\n}\n\n@media only screen and (max-width: 479px){ \n#top #wrap_all .av-special-heading.av-l9muy4an-a6a61ce81a14b541cda7ada15cf51483 .av-special-heading-tag{\nfont-size:25px;\n}\n}\n\n@media only screen and (min-width: 480px) and (max-width: 767px){ \n#top #wrap_all .av-special-heading.av-l9muy4an-a6a61ce81a14b541cda7ada15cf51483 .av-special-heading-tag{\nfont-size:0.8em;\n}\n}\n<\/style>\n<div  class='av-special-heading av-l9muy4an-a6a61ce81a14b541cda7ada15cf51483 av-special-heading-h1 custom-color-heading blockquote modern-quote modern-centered  avia-builder-el-4  el_after_av_hr  avia-builder-el-last  av-inherit-size'><h1 class='av-special-heading-tag'  itemprop=\"headline\"  >PAIN MANAGEMENT PHYSIOTHERAPY<\/h1><div class=\"special-heading-border\"><div class=\"special-heading-inner-border\"><\/div><\/div><\/div><\/p><\/div><div  class='flex_column av-23xnvx-98c28f1c429d2bd48b40c03ab5969d9b av_one_half  avia-builder-el-5  el_after_av_one_full  el_before_av_one_half  first flex_column_div  column-top-margin'     ><section  class='av_textblock_section av-490859-23b8c0814f09663e8f389807e87b9fdf '   itemscope=\"itemscope\" itemtype=\"https:\/\/schema.org\/CreativeWork\" ><div class='avia_textblock'  itemprop=\"text\" ><p>More and more people suffer from pain and chronic pain disorders. Understanding how pain mechanisms work is a decisive factor in combatting pain.<\/p>\n<p>In order to provide a satisfactory diagnosis of a patient\u00b4s painful condition it is important to investigate cause and effect.<\/p>\n<p>It is of vital importance that both therapist and patient are aware and well-informed of the pain record and the factors that influence the progression and development of the painful condition.<\/p>\n<\/div><\/section><\/div><div  class='flex_column av-5r7qrx-71ad51bff71e38be4673ea7f9e76bbc3 av_one_half  avia-builder-el-7  el_after_av_one_half  avia-builder-el-last  flex_column_div  column-top-margin'     ><section  class='av_textblock_section av-l8k1rycp-254aecd92e50e54d72aa49a9594979e5 '   itemscope=\"itemscope\" itemtype=\"https:\/\/schema.org\/CreativeWork\" ><div class='avia_textblock'  itemprop=\"text\" ><p>Effective and successful pain management require not only competent and extensive medical supervision from the therapist\u00b4s side but also patience, drive and cooperation from the patient\u00b4s side. Experience shows that a patient\u00b4s positive long-term recovery very often depends on his\/her willingness to question and perhaps even change his\/her previous behavioural patterns.<\/p>\n<p>With therapist and patient working hand in hand, based on a trusting and cooperative relationship, an effective pain therapy is quaranteed.<\/p>\n<\/div><\/section><\/div><\/div><\/div><\/div><!-- close content main div --><\/div><\/div><div id='after_section_1'  class='main_color av_default_container_wrap container_wrap sidebar_right'  ><div class='container av-section-cont-open' ><div class='template-page content  av-content-small alpha units'><div class='post-entry post-entry-type-page post-entry-2123'><div class='entry-content-wrapper clearfix'>\n","protected":false},"excerpt":{"rendered":"","protected":false},"author":1,"featured_media":0,"parent":1513,"menu_order":0,"comment_status":"closed","ping_status":"closed","template":"","meta":{"inline_featured_image":false,"footnotes":""},"class_list":["post-2123","page","type-page","status-publish","hentry"],"yoast_head":"<!-- This site is optimized with the Yoast SEO plugin v22.9 - https:\/\/yoast.com\/wordpress\/plugins\/seo\/ -->\n<title>SCHMERZPHYSIOTHERAPIE, Diagnostik, Therapie<\/title>\n<meta name=\"description\" content=\"Diagnostik, Therapie. Mit unserer Schmerzphysiotherapie einen neuen Ansatz finden. Ziel unserer Schmerztherapie ist es, dem Patienten m\u00f6glichst schnell physiologische Aktivit\u00e4ten zu erm\u00f6glichen.\" \/>\n<meta name=\"robots\" content=\"index, follow, max-snippet:-1, max-image-preview:large, max-video-preview:-1\" \/>\n<link rel=\"canonical\" href=\"https:\/\/www.physio-hohmann.de\/en\/leistungen\/schmerzphysiotherapie\/\" \/>\n<meta property=\"og:locale\" content=\"de_DE\" \/>\n<meta property=\"og:type\" content=\"article\" \/>\n<meta property=\"og:title\" content=\"SCHMERZPHYSIOTHERAPIE, Diagnostik, Therapie\" \/>\n<meta property=\"og:description\" content=\"Diagnostik, Therapie. Mit unserer Schmerzphysiotherapie einen neuen Ansatz finden. Ziel unserer Schmerztherapie ist es, dem Patienten m\u00f6glichst schnell physiologische Aktivit\u00e4ten zu erm\u00f6glichen.\" \/>\n<meta property=\"og:url\" content=\"https:\/\/www.physio-hohmann.de\/en\/leistungen\/schmerzphysiotherapie\/\" \/>\n<meta property=\"og:site_name\" content=\"Physiotherapie in Achern, B\u00fchl, Baden-Baden, Gernsbach\" \/>\n<meta property=\"article:modified_time\" content=\"2023-04-01T07:37:24+00:00\" \/>\n<meta name=\"twitter:card\" content=\"summary_large_image\" \/>\n<meta name=\"twitter:label1\" content=\"Gesch\u00e4tzte Lesezeit\" \/>\n\t<meta name=\"twitter:data1\" content=\"5\u00a0Minuten\" \/>\n<script type=\"application\/ld+json\" class=\"yoast-schema-graph\">{\"@context\":\"https:\/\/schema.org\",\"@graph\":[{\"@type\":\"WebPage\",\"@id\":\"https:\/\/www.physio-hohmann.de\/en\/leistungen\/schmerzphysiotherapie\/\",\"url\":\"https:\/\/www.physio-hohmann.de\/en\/leistungen\/schmerzphysiotherapie\/\",\"name\":\"SCHMERZPHYSIOTHERAPIE, Diagnostik, Therapie\",\"isPartOf\":{\"@id\":\"https:\/\/www.physio-hohmann.de\/en\/#website\"},\"datePublished\":\"2022-09-27T10:23:59+00:00\",\"dateModified\":\"2023-04-01T07:37:24+00:00\",\"description\":\"Diagnostik, Therapie. Mit unserer Schmerzphysiotherapie einen neuen Ansatz finden. Ziel unserer Schmerztherapie ist es, dem Patienten m\u00f6glichst schnell physiologische Aktivit\u00e4ten zu erm\u00f6glichen.\",\"breadcrumb\":{\"@id\":\"https:\/\/www.physio-hohmann.de\/en\/leistungen\/schmerzphysiotherapie\/#breadcrumb\"},\"inLanguage\":\"de\",\"potentialAction\":[{\"@type\":\"ReadAction\",\"target\":[\"https:\/\/www.physio-hohmann.de\/en\/leistungen\/schmerzphysiotherapie\/\"]}]},{\"@type\":\"BreadcrumbList\",\"@id\":\"https:\/\/www.physio-hohmann.de\/en\/leistungen\/schmerzphysiotherapie\/#breadcrumb\",\"itemListElement\":[{\"@type\":\"ListItem\",\"position\":1,\"name\":\"Startseite\",\"item\":\"https:\/\/www.physio-hohmann.de\/en\/\"},{\"@type\":\"ListItem\",\"position\":2,\"name\":\"range of services\",\"item\":\"https:\/\/www.physio-hohmann.de\/en\/leistungen\/\"},{\"@type\":\"ListItem\",\"position\":3,\"name\":\"pain management physiotherapy\"}]},{\"@type\":\"WebSite\",\"@id\":\"https:\/\/www.physio-hohmann.de\/en\/#website\",\"url\":\"https:\/\/www.physio-hohmann.de\/en\/\",\"name\":\"Physiotherapie in Achern, B\u00fchl, Baden-Baden, Gernsbach\",\"description\":\"Marc Hohmann Physiotherapie in Achern, B\u00fchl, Baden-Baden, Gernsbach\",\"potentialAction\":[{\"@type\":\"SearchAction\",\"target\":{\"@type\":\"EntryPoint\",\"urlTemplate\":\"https:\/\/www.physio-hohmann.de\/en\/?s={search_term_string}\"},\"query-input\":\"required name=search_term_string\"}],\"inLanguage\":\"de\"}]}<\/script>\n<!-- \/ Yoast SEO plugin. -->","yoast_head_json":{"title":"SCHMERZPHYSIOTHERAPIE, Diagnostik, Therapie","description":"Diagnostik, Therapie. Mit unserer Schmerzphysiotherapie einen neuen Ansatz finden. Ziel unserer Schmerztherapie ist es, dem Patienten m\u00f6glichst schnell physiologische Aktivit\u00e4ten zu erm\u00f6glichen.","robots":{"index":"index","follow":"follow","max-snippet":"max-snippet:-1","max-image-preview":"max-image-preview:large","max-video-preview":"max-video-preview:-1"},"canonical":"https:\/\/www.physio-hohmann.de\/en\/leistungen\/schmerzphysiotherapie\/","og_locale":"de_DE","og_type":"article","og_title":"SCHMERZPHYSIOTHERAPIE, Diagnostik, Therapie","og_description":"Diagnostik, Therapie. Mit unserer Schmerzphysiotherapie einen neuen Ansatz finden. Ziel unserer Schmerztherapie ist es, dem Patienten m\u00f6glichst schnell physiologische Aktivit\u00e4ten zu erm\u00f6glichen.","og_url":"https:\/\/www.physio-hohmann.de\/en\/leistungen\/schmerzphysiotherapie\/","og_site_name":"Physiotherapie in Achern, B\u00fchl, Baden-Baden, Gernsbach","article_modified_time":"2023-04-01T07:37:24+00:00","twitter_card":"summary_large_image","twitter_misc":{"Gesch\u00e4tzte Lesezeit":"5\u00a0Minuten"},"schema":{"@context":"https:\/\/schema.org","@graph":[{"@type":"WebPage","@id":"https:\/\/www.physio-hohmann.de\/en\/leistungen\/schmerzphysiotherapie\/","url":"https:\/\/www.physio-hohmann.de\/en\/leistungen\/schmerzphysiotherapie\/","name":"SCHMERZPHYSIOTHERAPIE, Diagnostik, Therapie","isPartOf":{"@id":"https:\/\/www.physio-hohmann.de\/en\/#website"},"datePublished":"2022-09-27T10:23:59+00:00","dateModified":"2023-04-01T07:37:24+00:00","description":"Diagnostik, Therapie. Mit unserer Schmerzphysiotherapie einen neuen Ansatz finden. Ziel unserer Schmerztherapie ist es, dem Patienten m\u00f6glichst schnell physiologische Aktivit\u00e4ten zu erm\u00f6glichen.","breadcrumb":{"@id":"https:\/\/www.physio-hohmann.de\/en\/leistungen\/schmerzphysiotherapie\/#breadcrumb"},"inLanguage":"de","potentialAction":[{"@type":"ReadAction","target":["https:\/\/www.physio-hohmann.de\/en\/leistungen\/schmerzphysiotherapie\/"]}]},{"@type":"BreadcrumbList","@id":"https:\/\/www.physio-hohmann.de\/en\/leistungen\/schmerzphysiotherapie\/#breadcrumb","itemListElement":[{"@type":"ListItem","position":1,"name":"Startseite","item":"https:\/\/www.physio-hohmann.de\/en\/"},{"@type":"ListItem","position":2,"name":"range of services","item":"https:\/\/www.physio-hohmann.de\/en\/leistungen\/"},{"@type":"ListItem","position":3,"name":"pain management physiotherapy"}]},{"@type":"WebSite","@id":"https:\/\/www.physio-hohmann.de\/en\/#website","url":"https:\/\/www.physio-hohmann.de\/en\/","name":"Physiotherapie in Achern, B\u00fchl, Baden-Baden, Gernsbach","description":"Marc Hohmann Physiotherapie in Achern, B\u00fchl, Baden-Baden, Gernsbach","potentialAction":[{"@type":"SearchAction","target":{"@type":"EntryPoint","urlTemplate":"https:\/\/www.physio-hohmann.de\/en\/?s={search_term_string}"},"query-input":"required name=search_term_string"}],"inLanguage":"de"}]}},"_links":{"self":[{"href":"https:\/\/www.physio-hohmann.de\/en\/wp-json\/wp\/v2\/pages\/2123","targetHints":{"allow":["GET"]}}],"collection":[{"href":"https:\/\/www.physio-hohmann.de\/en\/wp-json\/wp\/v2\/pages"}],"about":[{"href":"https:\/\/www.physio-hohmann.de\/en\/wp-json\/wp\/v2\/types\/page"}],"author":[{"embeddable":true,"href":"https:\/\/www.physio-hohmann.de\/en\/wp-json\/wp\/v2\/users\/1"}],"replies":[{"embeddable":true,"href":"https:\/\/www.physio-hohmann.de\/en\/wp-json\/wp\/v2\/comments?post=2123"}],"version-history":[{"count":10,"href":"https:\/\/www.physio-hohmann.de\/en\/wp-json\/wp\/v2\/pages\/2123\/revisions"}],"predecessor-version":[{"id":3016,"href":"https:\/\/www.physio-hohmann.de\/en\/wp-json\/wp\/v2\/pages\/2123\/revisions\/3016"}],"up":[{"embeddable":true,"href":"https:\/\/www.physio-hohmann.de\/en\/wp-json\/wp\/v2\/pages\/1513"}],"wp:attachment":[{"href":"https:\/\/www.physio-hohmann.de\/en\/wp-json\/wp\/v2\/media?parent=2123"}],"curies":[{"name":"wp","href":"https:\/\/api.w.org\/{rel}","templated":true}]}}