{"id":2226,"date":"2022-09-27T17:08:06","date_gmt":"2022-09-27T15:08:06","guid":{"rendered":"https:\/\/professional-physiotherapie.de\/?page_id=2226"},"modified":"2023-04-01T09:44:42","modified_gmt":"2023-04-01T07:44:42","slug":"training-fitvibe","status":"publish","type":"page","link":"https:\/\/www.physio-hohmann.de\/en\/leistungen\/training-fitvibe\/","title":{"rendered":"training &#8211; fitvibe"},"content":{"rendered":"<div id='full_slider_1'  class='avia-fullwidth-slider main_color avia-shadow   avia-builder-el-0  el_before_av_section  avia-builder-el-first   container_wrap sidebar_right'  ><div  class='avia-slideshow av-l8kc25ib-2fc269255259ba4763acf4f6244f3056 avia-slideshow-featured av_slideshow_full avia-fade-slider av-slideshow-ui av-control-hidden av-no-slider-navigation av-hide-nav-arrows av-slideshow-autoplay av-loop-endless av-loop-manual-endless av-default-height-applied   avia-slideshow-1' data-slideshow-options=\"{&quot;animation&quot;:&quot;fade&quot;,&quot;autoplay&quot;:true,&quot;loop_autoplay&quot;:&quot;endless&quot;,&quot;interval&quot;:6,&quot;loop_manual&quot;:&quot;manual-endless&quot;,&quot;autoplay_stopper&quot;:false,&quot;noNavigation&quot;:true,&quot;bg_slider&quot;:false,&quot;keep_padding&quot;:false,&quot;hoverpause&quot;:false,&quot;show_slide_delay&quot;:0}\"  itemprop=\"image\" itemscope=\"itemscope\" itemtype=\"https:\/\/schema.org\/ImageObject\" ><ul class='avia-slideshow-inner ' style='padding-bottom: 28.666666666667%;'><li  class='avia-slideshow-slide av-l8kc25ib-2fc269255259ba4763acf4f6244f3056__0  av-single-slide slide-1 slide-odd'><div data-rel='slideshow-1' class='avia-slide-wrap '   ><img decoding=\"async\" class=\"wp-image-1838 avia-img-lazy-loading-not-1838\"  src=\"https:\/\/www.physio-hohmann.de\/en\/wp-content\/uploads\/2022\/08\/Physio_Hohmann_BadenBaden_Logo_Header_530-1-1500x430.jpg\" width=\"1500\" height=\"430\" title='Physio_Hohmann_BadenBaden_Logo_Header_530' alt=''  itemprop=\"thumbnailUrl\"   \/><\/div><\/li><\/ul><\/div><\/div>\n<div id='av_section_1'  class='avia-section av-6l39wt-7171300955a7605036bed067d6420a83 main_color avia-section-default avia-no-border-styling  avia-builder-el-1  el_after_av_slideshow_full  el_before_av_section  avia-bg-style-scroll container_wrap sidebar_right'  ><div class='container av-section-cont-open' ><div class='template-page content  av-content-small alpha units'><div class='post-entry post-entry-type-page post-entry-2226'><div class='entry-content-wrapper clearfix'>\n<div  class='flex_column av-4cbmb6-c0497d19eb997be8fe7295a96a44209b av_one_full  avia-builder-el-2  el_before_av_one_full  avia-builder-el-first  first flex_column_div  '     ><p>\n<style type=\"text\/css\" data-created_by=\"avia_inline_auto\" id=\"style-css-av-l9mv0d6p-997fe9395baa5891a412116357e94550\">\n#top .av-special-heading.av-l9mv0d6p-997fe9395baa5891a412116357e94550{\npadding-bottom:0;\ncolor:#c6a771;\nfont-size:40px;\n}\nbody .av-special-heading.av-l9mv0d6p-997fe9395baa5891a412116357e94550 .av-special-heading-tag .heading-char{\nfont-size:25px;\n}\n#top #wrap_all .av-special-heading.av-l9mv0d6p-997fe9395baa5891a412116357e94550 .av-special-heading-tag{\nfont-size:40px;\n}\n.av-special-heading.av-l9mv0d6p-997fe9395baa5891a412116357e94550 .special-heading-inner-border{\nborder-color:#c6a771;\n}\n.av-special-heading.av-l9mv0d6p-997fe9395baa5891a412116357e94550 .av-subheading{\nfont-size:30px;\n}\n\n@media only screen and (max-width: 479px){ \n#top #wrap_all .av-special-heading.av-l9mv0d6p-997fe9395baa5891a412116357e94550 .av-special-heading-tag{\nfont-size:35px;\n}\n}\n\n@media only screen and (min-width: 480px) and (max-width: 767px){ \n#top #wrap_all .av-special-heading.av-l9mv0d6p-997fe9395baa5891a412116357e94550 .av-special-heading-tag{\nfont-size:0.8em;\n}\n}\n<\/style>\n<div  class='av-special-heading av-l9mv0d6p-997fe9395baa5891a412116357e94550 av-special-heading-h1 custom-color-heading blockquote modern-quote modern-centered  avia-builder-el-3  el_before_av_hr  avia-builder-el-first  av-inherit-size'><h1 class='av-special-heading-tag'  itemprop=\"headline\"  >fitvibe Training<\/h1><div class=\"special-heading-border\"><div class=\"special-heading-inner-border\"><\/div><\/div><\/div><br \/>\n\n<style type=\"text\/css\" data-created_by=\"avia_inline_auto\" id=\"style-css-av-2bq8iq-9b9c9c9c30fbcbbd056471415e32c360\">\n#top .hr.av-2bq8iq-9b9c9c9c30fbcbbd056471415e32c360{\nmargin-top:10px;\nmargin-bottom:10px;\n}\n.hr.av-2bq8iq-9b9c9c9c30fbcbbd056471415e32c360 .hr-inner{\nwidth:40%;\nborder-color:#c3a364;\n}\n<\/style>\n<div  class='hr av-2bq8iq-9b9c9c9c30fbcbbd056471415e32c360 hr-custom  avia-builder-el-4  el_after_av_heading  avia-builder-el-last  hr-center hr-icon-no'><span class='hr-inner inner-border-av-border-fat'><span class=\"hr-inner-style\"><\/span><\/span><\/div><\/p><\/div><div  class='flex_column av-23xnvx-98c28f1c429d2bd48b40c03ab5969d9b av_one_full  avia-builder-el-5  el_after_av_one_full  avia-builder-el-last  first flex_column_div  column-top-margin'     ><p>\n<style type=\"text\/css\" data-created_by=\"avia_inline_auto\" id=\"style-css-av-l8kbycbs-331156196892fd458681f2fdfafa065a\">\n#top .av-special-heading.av-l8kbycbs-331156196892fd458681f2fdfafa065a{\npadding-bottom:10px;\nfont-size:25px;\n}\nbody .av-special-heading.av-l8kbycbs-331156196892fd458681f2fdfafa065a .av-special-heading-tag .heading-char{\nfont-size:25px;\n}\n#top #wrap_all .av-special-heading.av-l8kbycbs-331156196892fd458681f2fdfafa065a .av-special-heading-tag{\nfont-size:25px;\n}\n.av-special-heading.av-l8kbycbs-331156196892fd458681f2fdfafa065a .av-subheading{\nfont-size:15px;\n}\n\n@media only screen and (max-width: 479px){ \n#top #wrap_all .av-special-heading.av-l8kbycbs-331156196892fd458681f2fdfafa065a .av-special-heading-tag{\nfont-size:20px;\n}\n}\n\n@media only screen and (min-width: 480px) and (max-width: 767px){ \n#top #wrap_all .av-special-heading.av-l8kbycbs-331156196892fd458681f2fdfafa065a .av-special-heading-tag{\nfont-size:0.8em;\n}\n}\n<\/style>\n<div  class='av-special-heading av-l8kbycbs-331156196892fd458681f2fdfafa065a av-special-heading-h2 blockquote modern-quote  avia-builder-el-6  el_before_av_textblock  avia-builder-el-first  av-inherit-size'><h2 class='av-special-heading-tag'  itemprop=\"headline\"  >vibration training \u2013 fitVibe<\/h2><div class=\"special-heading-border\"><div class=\"special-heading-inner-border\"><\/div><\/div><\/div><br \/>\n<section  class='av_textblock_section av-490859-23b8c0814f09663e8f389807e87b9fdf '   itemscope=\"itemscope\" itemtype=\"https:\/\/schema.org\/CreativeWork\" ><div class='avia_textblock'  itemprop=\"text\" ><p>Vertical mechanic vibration-transfer in different body positions from fit<em>Vibe<\/em>\u00ae-plate to the body strengthen the muscles and enhance blood circulation.<\/p>\n<p>According to various scientific surveys vibration training can have a positive affect on bone density among patients suffering from osteoporosis.<\/p>\n<p>With little time investment (twice a week for twenty minutes) this bio-mechanical vibration training with fit<em>Vibe<\/em> \u00ae \u2013 medical can easily be incorporated in your daily life.<\/p>\n<\/div><\/section><\/p><\/div><\/div><\/div><\/div><!-- close content main div --><\/div><\/div><div id='av_section_2'  class='avia-section av-65kq7m-47dc147a6cb42d19a1dc9979d0f10447 main_color avia-section-default avia-no-border-styling  avia-builder-el-8  el_after_av_section  avia-builder-el-last  avia-bg-style-scroll container_wrap sidebar_right'  ><div class='container av-section-cont-open' ><div class='template-page content  av-content-small alpha units'><div class='post-entry post-entry-type-page post-entry-2226'><div class='entry-content-wrapper clearfix'>\n<div class='flex_column_table av-4ge836-25803b0376b4407501e4cd584d3a05f5 sc-av_one_half av-equal-height-column-flextable'><div  class='flex_column av-4ge836-25803b0376b4407501e4cd584d3a05f5 av_one_half  avia-builder-el-9  el_before_av_one_half  avia-builder-el-first  first no_margin flex_column_table_cell av-equal-height-column av-align-middle  '     ><style type=\"text\/css\" data-created_by=\"avia_inline_auto\" id=\"style-css-av-l8kc2s0y-921055b9b427a63b743377e535a5a66b\">\n.avia-image-container.av-l8kc2s0y-921055b9b427a63b743377e535a5a66b img.avia_image{\nbox-shadow:none;\n}\n.avia-image-container.av-l8kc2s0y-921055b9b427a63b743377e535a5a66b .av-image-caption-overlay-center{\ncolor:#ffffff;\n}\n<\/style>\n<div  class='avia-image-container av-l8kc2s0y-921055b9b427a63b743377e535a5a66b av-styling-no-styling avia-align-center  avia-builder-el-10  avia-builder-el-no-sibling '   itemprop=\"image\" itemscope=\"itemscope\" itemtype=\"https:\/\/schema.org\/ImageObject\" ><div class=\"avia-image-container-inner\"><div class=\"avia-image-overlay-wrap\"><img decoding=\"async\" class='wp-image-1833 avia-img-lazy-loading-not-1833 avia_image ' src=\"https:\/\/www.physio-hohmann.de\/en\/wp-content\/uploads\/2022\/08\/Fitvibe-Flyer_600.jpg\" alt='' title='Fitvibe-Flyer_600'  height=\"600\" width=\"600\"  itemprop=\"thumbnailUrl\" srcset=\"https:\/\/www.physio-hohmann.de\/en\/wp-content\/uploads\/2022\/08\/Fitvibe-Flyer_600.jpg 600w, https:\/\/www.physio-hohmann.de\/en\/wp-content\/uploads\/2022\/08\/Fitvibe-Flyer_600-300x300.jpg 300w, https:\/\/www.physio-hohmann.de\/en\/wp-content\/uploads\/2022\/08\/Fitvibe-Flyer_600-80x80.jpg 80w, https:\/\/www.physio-hohmann.de\/en\/wp-content\/uploads\/2022\/08\/Fitvibe-Flyer_600-36x36.jpg 36w, https:\/\/www.physio-hohmann.de\/en\/wp-content\/uploads\/2022\/08\/Fitvibe-Flyer_600-180x180.jpg 180w\" sizes=\"(max-width: 600px) 100vw, 600px\" \/><\/div><\/div><\/div><\/div>\n<style type=\"text\/css\" data-created_by=\"avia_inline_auto\" id=\"style-css-av-39zy3m-6a7b3cf5285c539637461554978d9c9e\">\n.flex_column.av-39zy3m-6a7b3cf5285c539637461554978d9c9e{\npadding:25px 25px 25px 25px;\nbackground-color:#efefef;\n}\n<\/style>\n<div  class='flex_column av-39zy3m-6a7b3cf5285c539637461554978d9c9e av_one_half  avia-builder-el-11  el_after_av_one_half  avia-builder-el-last  no_margin flex_column_table_cell av-equal-height-column av-align-middle  '     ><p>\n<style type=\"text\/css\" data-created_by=\"avia_inline_auto\" id=\"style-css-av-l8kc2xgj-bc28dd7151f080805b00ed7f753f3ca6\">\n#top .av-special-heading.av-l8kc2xgj-bc28dd7151f080805b00ed7f753f3ca6{\npadding-bottom:10px;\nfont-size:35px;\n}\nbody .av-special-heading.av-l8kc2xgj-bc28dd7151f080805b00ed7f753f3ca6 .av-special-heading-tag .heading-char{\nfont-size:25px;\n}\n#top #wrap_all .av-special-heading.av-l8kc2xgj-bc28dd7151f080805b00ed7f753f3ca6 .av-special-heading-tag{\nfont-size:35px;\n}\n.av-special-heading.av-l8kc2xgj-bc28dd7151f080805b00ed7f753f3ca6 .av-subheading{\nfont-size:15px;\n}\n\n@media only screen and (max-width: 479px){ \n#top #wrap_all .av-special-heading.av-l8kc2xgj-bc28dd7151f080805b00ed7f753f3ca6 .av-special-heading-tag{\nfont-size:25px;\n}\n}\n\n@media only screen and (min-width: 480px) and (max-width: 767px){ \n#top #wrap_all .av-special-heading.av-l8kc2xgj-bc28dd7151f080805b00ed7f753f3ca6 .av-special-heading-tag{\nfont-size:0.8em;\n}\n}\n<\/style>\n<div  class='av-special-heading av-l8kc2xgj-bc28dd7151f080805b00ed7f753f3ca6 av-special-heading-h2 blockquote modern-quote  avia-builder-el-12  el_before_av_textblock  avia-builder-el-first  av-inherit-size'><h2 class='av-special-heading-tag'  itemprop=\"headline\"  >Sign in now!<\/h2><div class=\"special-heading-border\"><div class=\"special-heading-inner-border\"><\/div><\/div><\/div><br \/>\n<section  class='av_textblock_section av-l8kc34ym-0f999737a59d08c713f075e11dac1086 '   itemscope=\"itemscope\" itemtype=\"https:\/\/schema.org\/CreativeWork\" ><div class='avia_textblock'  itemprop=\"text\" ><div class=\"card-text\">\n<p>Arrange an appointment.<br \/>\nWe will make you fit!<\/p>\n<\/div>\n<\/div><\/section><br \/>\n<div  class='avia-button-wrap av-l8kc3rg5-0886854ab94e0025eceef869e4301cec-wrap avia-button-left  avia-builder-el-14  el_after_av_textblock  avia-builder-el-last '><a href='mailto:orga@physio-hohmann.de'  class='avia-button av-l8kc3rg5-0886854ab94e0025eceef869e4301cec avia-icon_select-yes-left-icon avia-size-medium avia-position-left avia-color-dark'  ><span class='avia_button_icon avia_button_icon_left' aria-hidden='true' data-av_icon='\ue879' data-av_iconfont='entypo-fontello'><\/span><span class='avia_iconbox_title' >Click here to sign in<\/span><\/a><\/div><\/p><\/div><\/div><!--close column table wrapper. Autoclose: 1 --><\/div><\/div><\/div><!-- close content main div --><\/div><\/div><div id='after_section_2'  class='main_color av_default_container_wrap container_wrap sidebar_right'  ><div class='container av-section-cont-open' ><div class='template-page content  av-content-small alpha units'><div class='post-entry post-entry-type-page post-entry-2226'><div class='entry-content-wrapper clearfix'><\/p>\n","protected":false},"excerpt":{"rendered":"","protected":false},"author":1,"featured_media":0,"parent":1513,"menu_order":0,"comment_status":"closed","ping_status":"closed","template":"","meta":{"inline_featured_image":false,"footnotes":""},"class_list":["post-2226","page","type-page","status-publish","hentry"],"yoast_head":"<!-- This site is optimized with the Yoast SEO plugin v22.9 - https:\/\/yoast.com\/wordpress\/plugins\/seo\/ -->\n<title>Vibrationstraining, fitvibe, Muskeltrtaining, Duchblutungsf\u00f6rderung<\/title>\n<meta name=\"description\" content=\"Muskelkr\u00e4ftigung und Durchblutungsf\u00f6rderung durch mechanische vertikale Schwingungs\u00fcbertragung der fitVibe\u00ae- Platte auf den K\u00f6rper.\" \/>\n<meta name=\"robots\" content=\"index, follow, max-snippet:-1, max-image-preview:large, max-video-preview:-1\" \/>\n<link rel=\"canonical\" href=\"https:\/\/www.physio-hohmann.de\/en\/leistungen\/training-fitvibe\/\" \/>\n<meta property=\"og:locale\" content=\"de_DE\" \/>\n<meta property=\"og:type\" content=\"article\" \/>\n<meta property=\"og:title\" content=\"Vibrationstraining, fitvibe, Muskeltrtaining, Duchblutungsf\u00f6rderung\" \/>\n<meta property=\"og:description\" content=\"Muskelkr\u00e4ftigung und Durchblutungsf\u00f6rderung durch mechanische vertikale Schwingungs\u00fcbertragung der fitVibe\u00ae- Platte auf den K\u00f6rper.\" \/>\n<meta property=\"og:url\" content=\"https:\/\/www.physio-hohmann.de\/en\/leistungen\/training-fitvibe\/\" \/>\n<meta property=\"og:site_name\" content=\"Physiotherapie in Achern, B\u00fchl, Baden-Baden, Gernsbach\" \/>\n<meta property=\"article:modified_time\" content=\"2023-04-01T07:44:42+00:00\" \/>\n<meta name=\"twitter:card\" content=\"summary_large_image\" \/>\n<meta name=\"twitter:label1\" content=\"Gesch\u00e4tzte Lesezeit\" \/>\n\t<meta name=\"twitter:data1\" content=\"5\u00a0Minuten\" \/>\n<script type=\"application\/ld+json\" class=\"yoast-schema-graph\">{\"@context\":\"https:\/\/schema.org\",\"@graph\":[{\"@type\":\"WebPage\",\"@id\":\"https:\/\/www.physio-hohmann.de\/en\/leistungen\/training-fitvibe\/\",\"url\":\"https:\/\/www.physio-hohmann.de\/en\/leistungen\/training-fitvibe\/\",\"name\":\"Vibrationstraining, fitvibe, Muskeltrtaining, Duchblutungsf\u00f6rderung\",\"isPartOf\":{\"@id\":\"https:\/\/www.physio-hohmann.de\/en\/#website\"},\"datePublished\":\"2022-09-27T15:08:06+00:00\",\"dateModified\":\"2023-04-01T07:44:42+00:00\",\"description\":\"Muskelkr\u00e4ftigung und Durchblutungsf\u00f6rderung durch mechanische vertikale Schwingungs\u00fcbertragung der fitVibe\u00ae- Platte auf den K\u00f6rper.\",\"breadcrumb\":{\"@id\":\"https:\/\/www.physio-hohmann.de\/en\/leistungen\/training-fitvibe\/#breadcrumb\"},\"inLanguage\":\"de\",\"potentialAction\":[{\"@type\":\"ReadAction\",\"target\":[\"https:\/\/www.physio-hohmann.de\/en\/leistungen\/training-fitvibe\/\"]}]},{\"@type\":\"BreadcrumbList\",\"@id\":\"https:\/\/www.physio-hohmann.de\/en\/leistungen\/training-fitvibe\/#breadcrumb\",\"itemListElement\":[{\"@type\":\"ListItem\",\"position\":1,\"name\":\"Startseite\",\"item\":\"https:\/\/www.physio-hohmann.de\/en\/\"},{\"@type\":\"ListItem\",\"position\":2,\"name\":\"range of services\",\"item\":\"https:\/\/www.physio-hohmann.de\/en\/leistungen\/\"},{\"@type\":\"ListItem\",\"position\":3,\"name\":\"training &#8211; fitvibe\"}]},{\"@type\":\"WebSite\",\"@id\":\"https:\/\/www.physio-hohmann.de\/en\/#website\",\"url\":\"https:\/\/www.physio-hohmann.de\/en\/\",\"name\":\"Physiotherapie in Achern, B\u00fchl, Baden-Baden, Gernsbach\",\"description\":\"Marc Hohmann Physiotherapie in Achern, B\u00fchl, Baden-Baden, Gernsbach\",\"potentialAction\":[{\"@type\":\"SearchAction\",\"target\":{\"@type\":\"EntryPoint\",\"urlTemplate\":\"https:\/\/www.physio-hohmann.de\/en\/?s={search_term_string}\"},\"query-input\":\"required name=search_term_string\"}],\"inLanguage\":\"de\"}]}<\/script>\n<!-- \/ Yoast SEO plugin. -->","yoast_head_json":{"title":"Vibrationstraining, fitvibe, Muskeltrtaining, Duchblutungsf\u00f6rderung","description":"Muskelkr\u00e4ftigung und Durchblutungsf\u00f6rderung durch mechanische vertikale Schwingungs\u00fcbertragung der fitVibe\u00ae- Platte auf den K\u00f6rper.","robots":{"index":"index","follow":"follow","max-snippet":"max-snippet:-1","max-image-preview":"max-image-preview:large","max-video-preview":"max-video-preview:-1"},"canonical":"https:\/\/www.physio-hohmann.de\/en\/leistungen\/training-fitvibe\/","og_locale":"de_DE","og_type":"article","og_title":"Vibrationstraining, fitvibe, Muskeltrtaining, Duchblutungsf\u00f6rderung","og_description":"Muskelkr\u00e4ftigung und Durchblutungsf\u00f6rderung durch mechanische vertikale Schwingungs\u00fcbertragung der fitVibe\u00ae- Platte auf den K\u00f6rper.","og_url":"https:\/\/www.physio-hohmann.de\/en\/leistungen\/training-fitvibe\/","og_site_name":"Physiotherapie in Achern, B\u00fchl, Baden-Baden, Gernsbach","article_modified_time":"2023-04-01T07:44:42+00:00","twitter_card":"summary_large_image","twitter_misc":{"Gesch\u00e4tzte Lesezeit":"5\u00a0Minuten"},"schema":{"@context":"https:\/\/schema.org","@graph":[{"@type":"WebPage","@id":"https:\/\/www.physio-hohmann.de\/en\/leistungen\/training-fitvibe\/","url":"https:\/\/www.physio-hohmann.de\/en\/leistungen\/training-fitvibe\/","name":"Vibrationstraining, fitvibe, Muskeltrtaining, Duchblutungsf\u00f6rderung","isPartOf":{"@id":"https:\/\/www.physio-hohmann.de\/en\/#website"},"datePublished":"2022-09-27T15:08:06+00:00","dateModified":"2023-04-01T07:44:42+00:00","description":"Muskelkr\u00e4ftigung und Durchblutungsf\u00f6rderung durch mechanische vertikale Schwingungs\u00fcbertragung der fitVibe\u00ae- Platte auf den K\u00f6rper.","breadcrumb":{"@id":"https:\/\/www.physio-hohmann.de\/en\/leistungen\/training-fitvibe\/#breadcrumb"},"inLanguage":"de","potentialAction":[{"@type":"ReadAction","target":["https:\/\/www.physio-hohmann.de\/en\/leistungen\/training-fitvibe\/"]}]},{"@type":"BreadcrumbList","@id":"https:\/\/www.physio-hohmann.de\/en\/leistungen\/training-fitvibe\/#breadcrumb","itemListElement":[{"@type":"ListItem","position":1,"name":"Startseite","item":"https:\/\/www.physio-hohmann.de\/en\/"},{"@type":"ListItem","position":2,"name":"range of services","item":"https:\/\/www.physio-hohmann.de\/en\/leistungen\/"},{"@type":"ListItem","position":3,"name":"training &#8211; fitvibe"}]},{"@type":"WebSite","@id":"https:\/\/www.physio-hohmann.de\/en\/#website","url":"https:\/\/www.physio-hohmann.de\/en\/","name":"Physiotherapie in Achern, B\u00fchl, Baden-Baden, Gernsbach","description":"Marc Hohmann Physiotherapie in Achern, B\u00fchl, Baden-Baden, Gernsbach","potentialAction":[{"@type":"SearchAction","target":{"@type":"EntryPoint","urlTemplate":"https:\/\/www.physio-hohmann.de\/en\/?s={search_term_string}"},"query-input":"required name=search_term_string"}],"inLanguage":"de"}]}},"_links":{"self":[{"href":"https:\/\/www.physio-hohmann.de\/en\/wp-json\/wp\/v2\/pages\/2226","targetHints":{"allow":["GET"]}}],"collection":[{"href":"https:\/\/www.physio-hohmann.de\/en\/wp-json\/wp\/v2\/pages"}],"about":[{"href":"https:\/\/www.physio-hohmann.de\/en\/wp-json\/wp\/v2\/types\/page"}],"author":[{"embeddable":true,"href":"https:\/\/www.physio-hohmann.de\/en\/wp-json\/wp\/v2\/users\/1"}],"replies":[{"embeddable":true,"href":"https:\/\/www.physio-hohmann.de\/en\/wp-json\/wp\/v2\/comments?post=2226"}],"version-history":[{"count":10,"href":"https:\/\/www.physio-hohmann.de\/en\/wp-json\/wp\/v2\/pages\/2226\/revisions"}],"predecessor-version":[{"id":3023,"href":"https:\/\/www.physio-hohmann.de\/en\/wp-json\/wp\/v2\/pages\/2226\/revisions\/3023"}],"up":[{"embeddable":true,"href":"https:\/\/www.physio-hohmann.de\/en\/wp-json\/wp\/v2\/pages\/1513"}],"wp:attachment":[{"href":"https:\/\/www.physio-hohmann.de\/en\/wp-json\/wp\/v2\/media?parent=2226"}],"curies":[{"name":"wp","href":"https:\/\/api.w.org\/{rel}","templated":true}]}}