{"id":2255,"date":"2022-09-27T17:48:55","date_gmt":"2022-09-27T15:48:55","guid":{"rendered":"https:\/\/professional-physiotherapie.de\/?page_id=2255"},"modified":"2023-09-12T09:29:54","modified_gmt":"2023-09-12T07:29:54","slug":"contact-and-imprint","status":"publish","type":"page","link":"https:\/\/www.physio-hohmann.de\/en\/contact-and-imprint\/","title":{"rendered":"Contact and Imprint"},"content":{"rendered":"<div id='full_slider_1'  class='avia-fullwidth-slider main_color avia-shadow   avia-builder-el-0  el_before_av_section  avia-builder-el-first   container_wrap sidebar_right'  ><div  class='avia-slideshow av-l8kdqe15-f97b7853aeb3817e61eeef83969d303a avia-slideshow-featured av_slideshow_full avia-slide-slider av-slideshow-ui av-control-default av-slideshow-manual av-loop-once av-loop-manual-endless av-default-height-applied   avia-slideshow-1' data-slideshow-options=\"{&quot;animation&quot;:&quot;slide&quot;,&quot;autoplay&quot;:false,&quot;loop_autoplay&quot;:&quot;once&quot;,&quot;interval&quot;:5,&quot;loop_manual&quot;:&quot;manual-endless&quot;,&quot;autoplay_stopper&quot;:false,&quot;noNavigation&quot;:false,&quot;bg_slider&quot;:false,&quot;keep_padding&quot;:false,&quot;hoverpause&quot;:false,&quot;show_slide_delay&quot;:0}\"  itemprop=\"image\" itemscope=\"itemscope\" itemtype=\"https:\/\/schema.org\/ImageObject\" ><ul class='avia-slideshow-inner ' style='padding-bottom: 28.666666666667%;'><li  class='avia-slideshow-slide av-l8kdqe15-f97b7853aeb3817e61eeef83969d303a__0  av-single-slide slide-1 slide-odd'><div data-rel='slideshow-1' class='avia-slide-wrap '   ><img decoding=\"async\" class=\"wp-image-2267 avia-img-lazy-loading-not-2267\"  src=\"https:\/\/www.physio-hohmann.de\/en\/wp-content\/uploads\/Physio-Hohmann_Achern_Impressionen_1-1500x430.jpg\" width=\"1500\" height=\"430\" title='Physio-Hohmann_Achern_Impressionen_1' alt=''  itemprop=\"thumbnailUrl\"   \/><\/div><\/li><\/ul><\/div><\/div>\r\n<div id='av_section_1'  class='avia-section av-axr3-7900ba4ff4bfdb0437d5e8b8a36cb309 main_color avia-section-default avia-no-border-styling  avia-builder-el-1  el_after_av_slideshow_full  el_before_av_section  avia-bg-style-scroll container_wrap sidebar_right'  ><div class='container av-section-cont-open' ><div class='template-page content  av-content-small alpha units'><div class='post-entry post-entry-type-page post-entry-2255'><div class='entry-content-wrapper clearfix'><div  class='flex_column av-9gax-96632367b9685bd680b3c97d9787683a av_one_full  avia-builder-el-2  avia-builder-el-no-sibling  first flex_column_div  '     ><p>\n<style type=\"text\/css\" data-created_by=\"avia_inline_auto\" id=\"style-css-av-2per-0b9dc3c45ed4c98068dd1853e1078e17\">\n#top .hr.av-2per-0b9dc3c45ed4c98068dd1853e1078e17{\nmargin-top:30px;\nmargin-bottom:10px;\n}\n.hr.av-2per-0b9dc3c45ed4c98068dd1853e1078e17 .hr-inner{\nwidth:40%;\nborder-color:#c3a364;\n}\n<\/style>\n<div  class='hr av-2per-0b9dc3c45ed4c98068dd1853e1078e17 hr-custom  avia-builder-el-3  el_before_av_heading  avia-builder-el-first  hr-center hr-icon-no'><span class='hr-inner inner-border-av-border-fat'><span class=\"hr-inner-style\"><\/span><\/span><\/div><br \/>\n\n<style type=\"text\/css\" data-created_by=\"avia_inline_auto\" id=\"style-css-av-l8kdge29-dc5b0ac4dd12a2a16f27f202bc0bf7f9\">\n#top .av-special-heading.av-l8kdge29-dc5b0ac4dd12a2a16f27f202bc0bf7f9{\npadding-bottom:25px;\ncolor:#c6a771;\nfont-size:40px;\n}\nbody .av-special-heading.av-l8kdge29-dc5b0ac4dd12a2a16f27f202bc0bf7f9 .av-special-heading-tag .heading-char{\nfont-size:25px;\n}\n#top #wrap_all .av-special-heading.av-l8kdge29-dc5b0ac4dd12a2a16f27f202bc0bf7f9 .av-special-heading-tag{\nfont-size:40px;\n}\n.av-special-heading.av-l8kdge29-dc5b0ac4dd12a2a16f27f202bc0bf7f9 .special-heading-inner-border{\nborder-color:#c6a771;\n}\n.av-special-heading.av-l8kdge29-dc5b0ac4dd12a2a16f27f202bc0bf7f9 .av-subheading{\nfont-size:30px;\n}\n\n@media only screen and (min-width: 480px) and (max-width: 767px){ \n#top #wrap_all .av-special-heading.av-l8kdge29-dc5b0ac4dd12a2a16f27f202bc0bf7f9 .av-special-heading-tag{\nfont-size:0.8em;\n}\n}\n\n@media only screen and (max-width: 479px){ \n#top #wrap_all .av-special-heading.av-l8kdge29-dc5b0ac4dd12a2a16f27f202bc0bf7f9 .av-special-heading-tag{\nfont-size:0.8em;\n}\n}\n<\/style>\n<div  class='av-special-heading av-l8kdge29-dc5b0ac4dd12a2a16f27f202bc0bf7f9 av-special-heading-h1 custom-color-heading blockquote modern-quote modern-centered  avia-builder-el-4  el_after_av_hr  avia-builder-el-last  av-inherit-size'><h1 class='av-special-heading-tag'  itemprop=\"headline\"  >Impressum<\/h1><div class=\"special-heading-border\"><div class=\"special-heading-inner-border\"><\/div><\/div><\/div><\/p><\/div>\r\n<\/div><\/div><\/div><!-- close content main div --><\/div><\/div><div id='av_section_2'  class='avia-section av-8d0r-00d9dfbfa816014a05fbd520aef75632 main_color avia-section-default avia-no-border-styling  avia-builder-el-5  el_after_av_section  avia-builder-el-last  avia-bg-style-scroll container_wrap sidebar_right'  ><div class='container av-section-cont-open' ><div class='template-page content  av-content-small alpha units'><div class='post-entry post-entry-type-page post-entry-2255'><div class='entry-content-wrapper clearfix'>\r\n<div  class='flex_column av-5at9-08aa7f387c08054b4781ef801bc81afa av_two_third  avia-builder-el-6  el_before_av_one_third  avia-builder-el-first  first flex_column_div  '     ><section  class='av_textblock_section av-l8kdfgex-faaf4123e1ad6d7b36f80911340175bd '   itemscope=\"itemscope\" itemtype=\"https:\/\/schema.org\/CreativeWork\" ><div class='avia_textblock'  itemprop=\"text\" ><h3>Anschrift<\/h3>\n<p><strong>Praxis f\u00fcr Physiotherapie Hohmann im Vitalhaus<\/strong><br \/>Rennwiese 1<br \/>D-77855 Achern<\/p>\n<p>Telefon: \u00a0\u00a0+49 \u2013 7841 \u2013 28 00 33<br \/>Telefax: \u00a0\u00a0+49 \u2013 7841 \u2013 28 00 66<\/p>\n<p>E-Mail:\u00a0\u00a0\u00a0\u00a0 <a href=\"mailto:info@physio-hohmann.de\">info@physio-hohmann.de<\/a><br \/>Internet: \u00a0\u00a0www.physio-hohmann.de<\/p>\n<p><strong>Therapiezentrum Hohmann<\/strong><br \/>Robert-Koch-Str. 70c<br \/>D-77815 B\u00fchl<\/p>\n<p>Telefon:\u00a0 +49 \u2013\u00a0 7223 \u2013 25 00 53<br \/>Telefax:\u00a0 +49 \u2013 7223 \u2013 80 09 50<\/p>\n<p>E-Mail:\u00a0 <a href=\"mailto:buehl@physio-hohmann.de\">buehl@physio-hohmann.de<\/a><br \/>Internet: www.physio-hohmann.de<\/p>\n<p><strong>Physiotherapie Baden-Baden im Medical Center<\/strong><br \/>Beethovenstra\u00dfe 2<br \/>D-76530 Baden-Baden<\/p>\n<p>Telefon:\u00a0 +49 \u2013 7221 \u2013 80 95 320<br \/>Telefax:\u00a0 +49 \u2013 7221 \u2013 80 95 321<\/p>\n<p>E-Mail:\u00a0\u00a0\u00a0\u00a0 <a href=\"mailto:bbaden@physio-hohmann.de\">bbaden@physio-hohmann.de<\/a><br \/>Internet: \u00a0\u00a0www.physio-hohmann.de<\/p>\n<p><strong>Praxis f\u00fcr Physiotherapie Gernsbach<\/strong><br \/>Schwarzwaldstra\u00dfe 12<br \/>D-76593 Gernsbach<\/p>\n<p>Telefon:\u00a0 +49 \u2013 7224 \u2013 99 44 110<br \/>Telefax:\u00a0 +49 \u2013 7224 \u2013 99 44 684<\/p>\n<p>E-Mail:\u00a0\u00a0\u00a0\u00a0 <a href=\"mailto:gernsbach@physio-hohmann.de\">gernsbach<\/a><a href=\"mailto:gernsbach@physio-hohmann.de\">@physio-hohmann.de<\/a><br \/>Internet: \u00a0\u00a0www.physio-hohmann.de<\/p>\n<h3>Inhaber<\/h3>\n<p>Marc Hohmann<\/p>\n<h2>\u00a0<\/h2>\n<h3>Berufsbezeichnung<\/h3>\n<p>staatlich anerkannter Physiotherapeut (verliehen in der Bundesrepublik Deutschland)<br \/>sektoraler Heilpratiker<\/p>\n<h3>Zust\u00e4ndiger Verband<\/h3>\n<p>Deutscher Verband f\u00fcr Physiotherapie (ZVK)<br \/>Landesverband Baden-W\u00fcrttemberg e.V.<br \/>Werastra\u00dfe 101<br \/>70190 Stuttgart<\/p>\n<p>Verband Physikalische Therapie (VPT) e. V.<br \/>Landesverband Baden-W\u00fcrttemberg, Stauferstra\u00dfe 13, 70736 Fellbach<\/p>\n<h3>Zust\u00e4ndige Aufsichtsbeh\u00f6rde<\/h3>\n<p>Gesundheitsamt im Landratsamt Ortenaukreis<br \/>Badstr. 20<br \/>77652 Offenburg<\/p>\n<h3>Berufsrechtliche Regelungen<\/h3>\n<p>\u2013 Masseur- und Physiotherapeutengesetz (MPhG) vom 26.05.1994<br \/>\u2013 Berufsordnung Deutscher Verband f. Physiotherapie,<br \/>Zentralverband der Physiotherapeuten \/ Krankengymnasten (ZVK) e. V.<br \/>\u2013 Heilpratikergesetz (HeilprG)<\/p>\n<h3>Berufhaftpflichtversicherungen<\/h3>\n<p><strong>Achern und B\u00fchl:<\/strong><\/p>\n<p>W\u00fcrttembergische VersicherungsAG<br \/>Gutenbergstra\u00dfe 30<br \/>70176 Stuttgart<\/p>\n<p><strong>Baden-Baden und Gernsbach:<\/strong><\/p>\n<p>Gothaer Versicherungsbank VVaG<br \/>Arnoldiplatz 1<br \/>50969 K\u00f6ln<\/p>\n<h3><strong>Bildnachweise<\/strong><\/h3>\n<p><strong>Eigene Bilder:<\/strong><\/p>\n<p>Arvin Nesselhauf<br \/><a href=\"http:\/\/arvin-design.de\/\"><strong>www.arvin-design.de<\/strong><\/a><\/p>\n<h3><strong>Lizenzierte Bilder in der Verwendung:<\/strong><\/h3>\n<p>Seite\u00a0 \/ Bildhinweis<\/p>\n<p>CMD : Frau \u00a9metamorworks \u2013 stock.adobe.com<br \/>Kurse: Schwimmbad \u00a9Depositphotos_29507665<br \/>Kurse: Gymnastikball \u00a9Depositphotos_50046123<\/p>\n<\/div><\/section><\/div><div  class='flex_column av-2zf1-0b77301f37d0111672a54b4b34c9c38d av_one_third  avia-builder-el-8  el_after_av_two_third  avia-builder-el-last  flex_column_div  '     ><section  class='av_textblock_section av-l8kdfry9-009874f98bdb500cf002663f098a9026 '   itemscope=\"itemscope\" itemtype=\"https:\/\/schema.org\/CreativeWork\" ><div class='avia_textblock'  itemprop=\"text\" ><h3 class=\"wp-block-heading\">Haftungsausschlu\u00df<\/h3>\n<p>Wir erkl\u00e4ren ausdr\u00fccklich, dass wir keinen Einfluss auf die Gestaltung und die Inhalte der gelinkten Seiten haben. Deshalb distanzieren wir uns ausdr\u00fccklich von allen Inhalten der gelinkten Seiten auf der gesamten Homepage einschlie\u00dflich aller Unterseiten. Diese Erkl\u00e4rung gilt f\u00fcr alle auf unserer Homepage angezeigten Links und f\u00fcr die Inhalte aller Seiten, zu denen Links oder Banner f\u00fchren. F\u00fcr den Inhalt der verlinkten Seiten sind ausschlie\u00dflich deren Betreiber verantwortlich.<\/p>\n<h3>Haftungsausschlu\u00df f\u00fcr eigene Inhalte<\/h3>\n<p>Wir \u00fcbernehmen keinerlei Gew\u00e4hr f\u00fcr die Aktualit\u00e4t, Korrektheit, Vollst\u00e4ndigkeit oder Qualit\u00e4t der bereitgestellten Informationen.<br \/>Alle Angebote sind freibleibend und unverbindlich. Wir behalten uns ausdr\u00fccklich vor, Teile der Seiten oder das gesamte Angebot ohne gesonderte Ank\u00fcndigung zu ver\u00e4ndern, zu erg\u00e4nzen, zu l\u00f6schen oder die Ver\u00f6ffentlichung zeitweise oder endg\u00fcltig einzustellen.<\/p>\n<h3>Online Streitschlichtung<\/h3>\n<p>Plattform zur Online-Streitbeilegung der Europ\u00e4ischen Kommission finden sie <a href=\"https:\/\/ec.europa.eu\/consumers\/odr\/main\/index.cfm?event=main.home2.show&amp;lng=DE\" target=\"_blank\" rel=\"noopener\">hier<\/a>.<\/p>\n<\/div><\/section><\/div><\/div><\/div><\/div><!-- close content main div --><\/div><\/div><div id='after_section_2'  class='main_color av_default_container_wrap container_wrap sidebar_right'  ><div class='container av-section-cont-open' ><div class='template-page content  av-content-small alpha units'><div class='post-entry post-entry-type-page post-entry-2255'><div class='entry-content-wrapper clearfix'>","protected":false},"excerpt":{"rendered":"","protected":false},"author":1,"featured_media":0,"parent":0,"menu_order":0,"comment_status":"closed","ping_status":"open","template":"","meta":{"inline_featured_image":false,"footnotes":""},"class_list":["post-2255","page","type-page","status-publish","hentry"],"yoast_head":"<!-- This site is optimized with the Yoast SEO plugin v22.9 - https:\/\/yoast.com\/wordpress\/plugins\/seo\/ -->\n<title>Contact and Imprint - Physiotherapie in Achern, B\u00fchl, Baden-Baden, Gernsbach<\/title>\n<meta name=\"robots\" content=\"index, follow, max-snippet:-1, max-image-preview:large, max-video-preview:-1\" \/>\n<link rel=\"canonical\" href=\"https:\/\/www.physio-hohmann.de\/en\/contact-and-imprint\/\" \/>\n<meta property=\"og:locale\" content=\"de_DE\" \/>\n<meta property=\"og:type\" content=\"article\" \/>\n<meta property=\"og:title\" content=\"Contact and Imprint - Physiotherapie in Achern, B\u00fchl, Baden-Baden, Gernsbach\" \/>\n<meta property=\"og:url\" content=\"https:\/\/www.physio-hohmann.de\/en\/contact-and-imprint\/\" \/>\n<meta property=\"og:site_name\" content=\"Physiotherapie in Achern, B\u00fchl, Baden-Baden, Gernsbach\" \/>\n<meta property=\"article:modified_time\" content=\"2023-09-12T07:29:54+00:00\" \/>\n<meta name=\"twitter:card\" content=\"summary_large_image\" \/>\n<meta name=\"twitter:label1\" content=\"Gesch\u00e4tzte Lesezeit\" \/>\n\t<meta name=\"twitter:data1\" content=\"5\u00a0Minuten\" \/>\n<script type=\"application\/ld+json\" class=\"yoast-schema-graph\">{\"@context\":\"https:\/\/schema.org\",\"@graph\":[{\"@type\":\"WebPage\",\"@id\":\"https:\/\/www.physio-hohmann.de\/en\/contact-and-imprint\/\",\"url\":\"https:\/\/www.physio-hohmann.de\/en\/contact-and-imprint\/\",\"name\":\"Contact and Imprint - Physiotherapie in Achern, B\u00fchl, Baden-Baden, Gernsbach\",\"isPartOf\":{\"@id\":\"https:\/\/www.physio-hohmann.de\/en\/#website\"},\"datePublished\":\"2022-09-27T15:48:55+00:00\",\"dateModified\":\"2023-09-12T07:29:54+00:00\",\"breadcrumb\":{\"@id\":\"https:\/\/www.physio-hohmann.de\/en\/contact-and-imprint\/#breadcrumb\"},\"inLanguage\":\"de\",\"potentialAction\":[{\"@type\":\"ReadAction\",\"target\":[\"https:\/\/www.physio-hohmann.de\/en\/contact-and-imprint\/\"]}]},{\"@type\":\"BreadcrumbList\",\"@id\":\"https:\/\/www.physio-hohmann.de\/en\/contact-and-imprint\/#breadcrumb\",\"itemListElement\":[{\"@type\":\"ListItem\",\"position\":1,\"name\":\"Startseite\",\"item\":\"https:\/\/www.physio-hohmann.de\/en\/\"},{\"@type\":\"ListItem\",\"position\":2,\"name\":\"Contact and Imprint\"}]},{\"@type\":\"WebSite\",\"@id\":\"https:\/\/www.physio-hohmann.de\/en\/#website\",\"url\":\"https:\/\/www.physio-hohmann.de\/en\/\",\"name\":\"Physiotherapie in Achern, B\u00fchl, Baden-Baden, Gernsbach\",\"description\":\"Marc Hohmann Physiotherapie in Achern, B\u00fchl, Baden-Baden, Gernsbach\",\"potentialAction\":[{\"@type\":\"SearchAction\",\"target\":{\"@type\":\"EntryPoint\",\"urlTemplate\":\"https:\/\/www.physio-hohmann.de\/en\/?s={search_term_string}\"},\"query-input\":\"required name=search_term_string\"}],\"inLanguage\":\"de\"}]}<\/script>\n<!-- \/ Yoast SEO plugin. -->","yoast_head_json":{"title":"Contact and Imprint - Physiotherapie in Achern, B\u00fchl, Baden-Baden, Gernsbach","robots":{"index":"index","follow":"follow","max-snippet":"max-snippet:-1","max-image-preview":"max-image-preview:large","max-video-preview":"max-video-preview:-1"},"canonical":"https:\/\/www.physio-hohmann.de\/en\/contact-and-imprint\/","og_locale":"de_DE","og_type":"article","og_title":"Contact and Imprint - Physiotherapie in Achern, B\u00fchl, Baden-Baden, Gernsbach","og_url":"https:\/\/www.physio-hohmann.de\/en\/contact-and-imprint\/","og_site_name":"Physiotherapie in Achern, B\u00fchl, Baden-Baden, Gernsbach","article_modified_time":"2023-09-12T07:29:54+00:00","twitter_card":"summary_large_image","twitter_misc":{"Gesch\u00e4tzte Lesezeit":"5\u00a0Minuten"},"schema":{"@context":"https:\/\/schema.org","@graph":[{"@type":"WebPage","@id":"https:\/\/www.physio-hohmann.de\/en\/contact-and-imprint\/","url":"https:\/\/www.physio-hohmann.de\/en\/contact-and-imprint\/","name":"Contact and Imprint - Physiotherapie in Achern, B\u00fchl, Baden-Baden, Gernsbach","isPartOf":{"@id":"https:\/\/www.physio-hohmann.de\/en\/#website"},"datePublished":"2022-09-27T15:48:55+00:00","dateModified":"2023-09-12T07:29:54+00:00","breadcrumb":{"@id":"https:\/\/www.physio-hohmann.de\/en\/contact-and-imprint\/#breadcrumb"},"inLanguage":"de","potentialAction":[{"@type":"ReadAction","target":["https:\/\/www.physio-hohmann.de\/en\/contact-and-imprint\/"]}]},{"@type":"BreadcrumbList","@id":"https:\/\/www.physio-hohmann.de\/en\/contact-and-imprint\/#breadcrumb","itemListElement":[{"@type":"ListItem","position":1,"name":"Startseite","item":"https:\/\/www.physio-hohmann.de\/en\/"},{"@type":"ListItem","position":2,"name":"Contact and Imprint"}]},{"@type":"WebSite","@id":"https:\/\/www.physio-hohmann.de\/en\/#website","url":"https:\/\/www.physio-hohmann.de\/en\/","name":"Physiotherapie in Achern, B\u00fchl, Baden-Baden, Gernsbach","description":"Marc Hohmann Physiotherapie in Achern, B\u00fchl, Baden-Baden, Gernsbach","potentialAction":[{"@type":"SearchAction","target":{"@type":"EntryPoint","urlTemplate":"https:\/\/www.physio-hohmann.de\/en\/?s={search_term_string}"},"query-input":"required name=search_term_string"}],"inLanguage":"de"}]}},"_links":{"self":[{"href":"https:\/\/www.physio-hohmann.de\/en\/wp-json\/wp\/v2\/pages\/2255","targetHints":{"allow":["GET"]}}],"collection":[{"href":"https:\/\/www.physio-hohmann.de\/en\/wp-json\/wp\/v2\/pages"}],"about":[{"href":"https:\/\/www.physio-hohmann.de\/en\/wp-json\/wp\/v2\/types\/page"}],"author":[{"embeddable":true,"href":"https:\/\/www.physio-hohmann.de\/en\/wp-json\/wp\/v2\/users\/1"}],"replies":[{"embeddable":true,"href":"https:\/\/www.physio-hohmann.de\/en\/wp-json\/wp\/v2\/comments?post=2255"}],"version-history":[{"count":7,"href":"https:\/\/www.physio-hohmann.de\/en\/wp-json\/wp\/v2\/pages\/2255\/revisions"}],"predecessor-version":[{"id":2257,"href":"https:\/\/www.physio-hohmann.de\/en\/wp-json\/wp\/v2\/pages\/2255\/revisions\/2257"}],"wp:attachment":[{"href":"https:\/\/www.physio-hohmann.de\/en\/wp-json\/wp\/v2\/media?parent=2255"}],"curies":[{"name":"wp","href":"https:\/\/api.w.org\/{rel}","templated":true}]}}